{"id":136,"date":"2017-03-05T11:10:49","date_gmt":"2017-03-05T16:10:49","guid":{"rendered":"http:\/\/fernandocustode.blog.epn.edu.ec\/?page_id=136"},"modified":"2017-03-08T21:49:48","modified_gmt":"2017-03-09T02:49:48","slug":"%c2%bfquienes-somos","status":"publish","type":"page","link":"http:\/\/fernandocustode.blog.epn.edu.ec\/?page_id=136","title":{"rendered":"\u00bfQuienes somos?"},"content":{"rendered":"<p><!--\np.p1 {margin: 0.0px 0.0px 0.0px 0.0px; text-align: justify; font: 11.0px Helvetica; color: #000000; -webkit-text-stroke: #000000}\np.p2 {margin: 0.0px 0.0px 0.0px 0.0px; text-align: justify; font: 11.0px Helvetica; color: #000000; -webkit-text-stroke: #000000; min-height: 13.0px}\nspan.s1 {font-kerning: none}\n-->Somos un grupo acad\u00e9mico conformado por profesores y estudiantes de la Carrera de Ingenier\u00eda Ambiental de la Facultad de Ingenier\u00eda Civil y Ambiental de la Escuela Polit\u00e9cnica Nacional, que al presentarse la oportunidad de vincularse y generar apoyo t\u00e9cnico a los recicladores de la asociaci\u00f3n \u201cpor un futuro mejor\u201d, no dudamos en brindar nuestros conocimientos para que estas personas quienes realizan diariamente un trabajo de suma importancia para el bienestar de nuestra ciudad, mejoren sus conocimientos sobre reciclaje as\u00ed como las normas de seguridad que deben manejar.<\/p>\n<p>Los integrantes de este proyecto son:<\/p>\n<p>&nbsp;<\/p>\n<p><!--\np.p1 {margin: 0.0px 0.0px 0.0px 0.0px; text-align: justify; font: 11.0px Helvetica; color: #000000; -webkit-text-stroke: #000000}\nspan.s1 {font-kerning: none}\n-->Estudiantes vinculados al proyecto:<\/p>\n<p><a href=\"http:\/\/fernandocustode.blog.epn.edu.ec\/wp-content\/uploads\/sites\/209\/2017\/03\/Captura-de-pantalla-2017-03-08-a-las-21.30.25.png\"><img loading=\"lazy\" class=\"size-medium wp-image-203 aligncenter\" alt=\"Estudiantes\" src=\"http:\/\/fernandocustode.blog.epn.edu.ec\/wp-content\/uploads\/sites\/209\/2017\/03\/Captura-de-pantalla-2017-03-08-a-las-21.30.25-300x222.png\" width=\"300\" height=\"222\" srcset=\"http:\/\/fernandocustode.blog.epn.edu.ec\/wp-content\/uploads\/sites\/209\/2017\/03\/Captura-de-pantalla-2017-03-08-a-las-21.30.25-300x222.png 300w, http:\/\/fernandocustode.blog.epn.edu.ec\/wp-content\/uploads\/sites\/209\/2017\/03\/Captura-de-pantalla-2017-03-08-a-las-21.30.25-1024x758.png 1024w, http:\/\/fernandocustode.blog.epn.edu.ec\/wp-content\/uploads\/sites\/209\/2017\/03\/Captura-de-pantalla-2017-03-08-a-las-21.30.25.png 1320w\" sizes=\"(max-width: 300px) 100vw, 300px\" \/><\/a><\/p>\n","protected":false},"excerpt":{"rendered":"<p>Somos un grupo acad\u00e9mico conformado por profesores y estudiantes de la Carrera de Ingenier\u00eda Ambiental de la Facultad de Ingenier\u00eda Civil y Ambiental de la [&hellip;]<\/p>\n","protected":false},"author":210,"featured_media":0,"parent":0,"menu_order":0,"comment_status":"closed","ping_status":"closed","template":"","meta":[],"_links":{"self":[{"href":"http:\/\/fernandocustode.blog.epn.edu.ec\/index.php?rest_route=\/wp\/v2\/pages\/136"}],"collection":[{"href":"http:\/\/fernandocustode.blog.epn.edu.ec\/index.php?rest_route=\/wp\/v2\/pages"}],"about":[{"href":"http:\/\/fernandocustode.blog.epn.edu.ec\/index.php?rest_route=\/wp\/v2\/types\/page"}],"author":[{"embeddable":true,"href":"http:\/\/fernandocustode.blog.epn.edu.ec\/index.php?rest_route=\/wp\/v2\/users\/210"}],"replies":[{"embeddable":true,"href":"http:\/\/fernandocustode.blog.epn.edu.ec\/index.php?rest_route=%2Fwp%2Fv2%2Fcomments&post=136"}],"version-history":[{"count":22,"href":"http:\/\/fernandocustode.blog.epn.edu.ec\/index.php?rest_route=\/wp\/v2\/pages\/136\/revisions"}],"predecessor-version":[{"id":157,"href":"http:\/\/fernandocustode.blog.epn.edu.ec\/index.php?rest_route=\/wp\/v2\/pages\/136\/revisions\/157"}],"wp:attachment":[{"href":"http:\/\/fernandocustode.blog.epn.edu.ec\/index.php?rest_route=%2Fwp%2Fv2%2Fmedia&parent=136"}],"curies":[{"name":"wp","href":"https:\/\/api.w.org\/{rel}","templated":true}]}}