{"id":138,"date":"2017-03-05T11:11:26","date_gmt":"2017-03-05T16:11:26","guid":{"rendered":"http:\/\/fernandocustode.blog.epn.edu.ec\/?page_id=138"},"modified":"2017-03-08T21:48:52","modified_gmt":"2017-03-09T02:48:52","slug":"objetivo","status":"publish","type":"page","link":"http:\/\/fernandocustode.blog.epn.edu.ec\/?page_id=138","title":{"rendered":"Objetivo"},"content":{"rendered":"<h2>GENERALES<\/h2>\n<p>Capacitar a los recicladores de base de la asociaci\u00f3n \u201cPor un Futuro Mejor\u201d sobre buenas pr\u00e1cticas de recuperaci\u00f3n de materiales reciclables.<\/p>\n<p><b>ESPEC\u00cdFICOS<\/b><\/p>\n<p>1.- Elaborar un manual gu\u00eda sobre buenas pr\u00e1cticas de recuperaci\u00f3n de materiales reciclables orientado a los recicladores de base miembros de la asociaci\u00f3n \u201cPor un Futuro Mejor\u201d.<\/p>\n<p>2.- Dise\u00f1ar un programa de capacitaci\u00f3n para los miembros de la Asociaci\u00f3n de Recicladores \u201cPor un Futuro Mejor\u201d.<\/p>\n<p>3.- Desarrollar un blog para la difusi\u00f3n de las actividades realizadas.<\/p>\n","protected":false},"excerpt":{"rendered":"<p>GENERALES Capacitar a los recicladores de base de la asociaci\u00f3n \u201cPor un Futuro Mejor\u201d sobre buenas pr\u00e1cticas de recuperaci\u00f3n de materiales reciclables. ESPEC\u00cdFICOS 1.- Elaborar [&hellip;]<\/p>\n","protected":false},"author":210,"featured_media":0,"parent":178,"menu_order":0,"comment_status":"closed","ping_status":"closed","template":"","meta":[],"_links":{"self":[{"href":"http:\/\/fernandocustode.blog.epn.edu.ec\/index.php?rest_route=\/wp\/v2\/pages\/138"}],"collection":[{"href":"http:\/\/fernandocustode.blog.epn.edu.ec\/index.php?rest_route=\/wp\/v2\/pages"}],"about":[{"href":"http:\/\/fernandocustode.blog.epn.edu.ec\/index.php?rest_route=\/wp\/v2\/types\/page"}],"author":[{"embeddable":true,"href":"http:\/\/fernandocustode.blog.epn.edu.ec\/index.php?rest_route=\/wp\/v2\/users\/210"}],"replies":[{"embeddable":true,"href":"http:\/\/fernandocustode.blog.epn.edu.ec\/index.php?rest_route=%2Fwp%2Fv2%2Fcomments&post=138"}],"version-history":[{"count":15,"href":"http:\/\/fernandocustode.blog.epn.edu.ec\/index.php?rest_route=\/wp\/v2\/pages\/138\/revisions"}],"predecessor-version":[{"id":211,"href":"http:\/\/fernandocustode.blog.epn.edu.ec\/index.php?rest_route=\/wp\/v2\/pages\/138\/revisions\/211"}],"up":[{"embeddable":true,"href":"http:\/\/fernandocustode.blog.epn.edu.ec\/index.php?rest_route=\/wp\/v2\/pages\/178"}],"wp:attachment":[{"href":"http:\/\/fernandocustode.blog.epn.edu.ec\/index.php?rest_route=%2Fwp%2Fv2%2Fmedia&parent=138"}],"curies":[{"name":"wp","href":"https:\/\/api.w.org\/{rel}","templated":true}]}}