{"id":139,"date":"2017-03-05T11:11:56","date_gmt":"2017-03-05T16:11:56","guid":{"rendered":"http:\/\/fernandocustode.blog.epn.edu.ec\/?page_id=139"},"modified":"2017-03-08T21:51:08","modified_gmt":"2017-03-09T02:51:08","slug":"%c2%bfque-hacemos","status":"publish","type":"page","link":"http:\/\/fernandocustode.blog.epn.edu.ec\/?page_id=139","title":{"rendered":"\u00bfQue hacemos?"},"content":{"rendered":"<p style=\"text-align: center\"><b>Elaboraci\u00f3n de un manual gu\u00eda y capacitaci\u00f3n sobre buenas pr\u00e1cticas de recuperaci\u00f3n de materiales de reciclaje como contribuci\u00f3n a la Asociaci\u00f3n de Recicladores \u201cPor un futuro mejor\u201d parte de la RENAREC (Red Nacional de Recicladores).<\/b><\/p>\n<p>El presente proyecto articula la interacci\u00f3n entre la Instituci\u00f3n P\u00fablica de Educaci\u00f3n Superior y la Asociaci\u00f3n de Recicladores \u201dPor un Futuro Mejor\u201d pertenecientes a la Red Nacional de Recicladores del Ecuador (RENAREC), a trav\u00e9s de una transferencia de conocimientos relativos a la gesti\u00f3n integral de residuos s\u00f3lidos, legislaci\u00f3n ambiental, procesos de reciclaje, buenas pr\u00e1cticas ambientales en el reciclaje, alternativas de reinserci\u00f3n de los residuos a la cadena de valor, gesti\u00f3n empresarial, habilidades sociales y desarrollo personal de los recicladores.<\/p>\n<p>Para este prop\u00f3sito, se ha contemplado la participaci\u00f3n de estudiantes de la Carrera de Ingenier\u00eda Ambiental, cuya formaci\u00f3n permitir\u00e1 la elaboraci\u00f3n y socializaci\u00f3n de una manual de buenas pr\u00e1cticas de recuperaci\u00f3n de materiales reciclables. De tal manera, de contribuir a la capacitaci\u00f3n de este gremio, y una potencial mejora de sus condiciones laborales y de los productos esperados de dicha actividad.<\/p>\n<p>Mediante esta acci\u00f3n, se incentiva el compromiso hacia la sociedad, por parte de los futuros profesionales que se forman en el Escuela Polit\u00e9cnica Nacional, y se genera un beneficio dentro de la comunidad, as\u00ed como, un aporte a los objetivos del Plan Nacional del Buen Vivir, en cuanto a mejorar la calidad de vida de la poblaci\u00f3n y garantizar el trabajo digno en todas sus formas.<\/p>\n","protected":false},"excerpt":{"rendered":"<p>Elaboraci\u00f3n de un manual gu\u00eda y capacitaci\u00f3n sobre buenas pr\u00e1cticas de recuperaci\u00f3n de materiales de reciclaje como contribuci\u00f3n a la Asociaci\u00f3n de Recicladores \u201cPor un [&hellip;]<\/p>\n","protected":false},"author":210,"featured_media":0,"parent":178,"menu_order":0,"comment_status":"closed","ping_status":"closed","template":"","meta":[],"_links":{"self":[{"href":"http:\/\/fernandocustode.blog.epn.edu.ec\/index.php?rest_route=\/wp\/v2\/pages\/139"}],"collection":[{"href":"http:\/\/fernandocustode.blog.epn.edu.ec\/index.php?rest_route=\/wp\/v2\/pages"}],"about":[{"href":"http:\/\/fernandocustode.blog.epn.edu.ec\/index.php?rest_route=\/wp\/v2\/types\/page"}],"author":[{"embeddable":true,"href":"http:\/\/fernandocustode.blog.epn.edu.ec\/index.php?rest_route=\/wp\/v2\/users\/210"}],"replies":[{"embeddable":true,"href":"http:\/\/fernandocustode.blog.epn.edu.ec\/index.php?rest_route=%2Fwp%2Fv2%2Fcomments&post=139"}],"version-history":[{"count":8,"href":"http:\/\/fernandocustode.blog.epn.edu.ec\/index.php?rest_route=\/wp\/v2\/pages\/139\/revisions"}],"predecessor-version":[{"id":172,"href":"http:\/\/fernandocustode.blog.epn.edu.ec\/index.php?rest_route=\/wp\/v2\/pages\/139\/revisions\/172"}],"up":[{"embeddable":true,"href":"http:\/\/fernandocustode.blog.epn.edu.ec\/index.php?rest_route=\/wp\/v2\/pages\/178"}],"wp:attachment":[{"href":"http:\/\/fernandocustode.blog.epn.edu.ec\/index.php?rest_route=%2Fwp%2Fv2%2Fmedia&parent=139"}],"curies":[{"name":"wp","href":"https:\/\/api.w.org\/{rel}","templated":true}]}}