{"id":178,"date":"2017-03-08T20:30:30","date_gmt":"2017-03-09T01:30:30","guid":{"rendered":"http:\/\/fernandocustode.blog.epn.edu.ec\/?page_id=178"},"modified":"2017-03-08T21:46:09","modified_gmt":"2017-03-09T02:46:09","slug":"proyecto","status":"publish","type":"page","link":"http:\/\/fernandocustode.blog.epn.edu.ec\/?page_id=178","title":{"rendered":"Proyecto"},"content":{"rendered":"<p><!--\np.p1 {margin: 0.0px 0.0px 0.0px 0.0px; text-align: justify; font: 11.0px Helvetica; color: #000000; -webkit-text-stroke: #000000}\np.p2 {margin: 0.0px 0.0px 0.0px 0.0px; text-align: justify; font: 11.0px Helvetica; color: #000000; -webkit-text-stroke: #000000; min-height: 13.0px}\nspan.s1 {font-kerning: none}\n-->PROYECTO DE PROYECCI\u00d3N SOCIAL:<\/p>\n<p>DEPARTAMENTO: Ingenier\u00eda Civil y Ambiental<\/p>\n<p>LINEA PROYECTO SOCIAL:<\/p>\n<p>Sostenibilidad Ambiental, remediaci\u00f3n y ecolog\u00eda; difusi\u00f3n cultural y cient\u00edfica.<\/p>\n<p>BENEFICIARIOS:<\/p>\n<p>60 recicladores vinculados a la Asociaci\u00f3n de recicladores \u201cPor un Futuro Mejor\u201d organizaci\u00f3n perteneciente a la RENAREC \u201c Red Nacional de Recicladores del Ecuador\u201d<\/p>\n<p style=\"text-align: center\">\u00a0<a href=\"http:\/\/fernandocustode.blog.epn.edu.ec\/wp-content\/uploads\/sites\/209\/2017\/03\/Captura-de-pantalla-2017-03-08-a-las-21.45.36.png\"><img loading=\"lazy\" class=\"alignnone size-medium wp-image-208\" alt=\"Captura de pantalla 2017-03-08 a las 21.45.36\" src=\"http:\/\/fernandocustode.blog.epn.edu.ec\/wp-content\/uploads\/sites\/209\/2017\/03\/Captura-de-pantalla-2017-03-08-a-las-21.45.36-300x99.png\" width=\"300\" height=\"99\" srcset=\"http:\/\/fernandocustode.blog.epn.edu.ec\/wp-content\/uploads\/sites\/209\/2017\/03\/Captura-de-pantalla-2017-03-08-a-las-21.45.36-300x99.png 300w, http:\/\/fernandocustode.blog.epn.edu.ec\/wp-content\/uploads\/sites\/209\/2017\/03\/Captura-de-pantalla-2017-03-08-a-las-21.45.36-1024x339.png 1024w, http:\/\/fernandocustode.blog.epn.edu.ec\/wp-content\/uploads\/sites\/209\/2017\/03\/Captura-de-pantalla-2017-03-08-a-las-21.45.36.png 1164w\" sizes=\"(max-width: 300px) 100vw, 300px\" \/><\/a><\/p>\n","protected":false},"excerpt":{"rendered":"<p>PROYECTO DE PROYECCI\u00d3N SOCIAL: DEPARTAMENTO: Ingenier\u00eda Civil y Ambiental LINEA PROYECTO SOCIAL: Sostenibilidad Ambiental, remediaci\u00f3n y ecolog\u00eda; difusi\u00f3n cultural y cient\u00edfica. BENEFICIARIOS: 60 recicladores vinculados [&hellip;]<\/p>\n","protected":false},"author":210,"featured_media":0,"parent":0,"menu_order":0,"comment_status":"open","ping_status":"open","template":"","meta":[],"_links":{"self":[{"href":"http:\/\/fernandocustode.blog.epn.edu.ec\/index.php?rest_route=\/wp\/v2\/pages\/178"}],"collection":[{"href":"http:\/\/fernandocustode.blog.epn.edu.ec\/index.php?rest_route=\/wp\/v2\/pages"}],"about":[{"href":"http:\/\/fernandocustode.blog.epn.edu.ec\/index.php?rest_route=\/wp\/v2\/types\/page"}],"author":[{"embeddable":true,"href":"http:\/\/fernandocustode.blog.epn.edu.ec\/index.php?rest_route=\/wp\/v2\/users\/210"}],"replies":[{"embeddable":true,"href":"http:\/\/fernandocustode.blog.epn.edu.ec\/index.php?rest_route=%2Fwp%2Fv2%2Fcomments&post=178"}],"version-history":[{"count":4,"href":"http:\/\/fernandocustode.blog.epn.edu.ec\/index.php?rest_route=\/wp\/v2\/pages\/178\/revisions"}],"predecessor-version":[{"id":209,"href":"http:\/\/fernandocustode.blog.epn.edu.ec\/index.php?rest_route=\/wp\/v2\/pages\/178\/revisions\/209"}],"wp:attachment":[{"href":"http:\/\/fernandocustode.blog.epn.edu.ec\/index.php?rest_route=%2Fwp%2Fv2%2Fmedia&parent=178"}],"curies":[{"name":"wp","href":"https:\/\/api.w.org\/{rel}","templated":true}]}}