{"id":182,"date":"2017-03-08T20:57:04","date_gmt":"2017-03-09T01:57:04","guid":{"rendered":"http:\/\/fernandocustode.blog.epn.edu.ec\/?page_id=182"},"modified":"2017-03-16T16:40:32","modified_gmt":"2017-03-16T21:40:32","slug":"linea-base","status":"publish","type":"page","link":"http:\/\/fernandocustode.blog.epn.edu.ec\/?page_id=182","title":{"rendered":"Linea Base"},"content":{"rendered":"<p style=\"text-align: center\">Al ser este un proyecto de vinculaci\u00f3n social es de suma importancia generar v\u00ednculos con los recicladores base, siendo estos los miembros de la asociaci\u00f3n \u00a0\u00abPOR UN FUTURO MEJOR\u00bb, a travez de trabajo en conjunto y con herramientas de levantamiento de informaci\u00f3n como ENCUESTAS se pudo conocer las falencias t\u00e9cnicas en el proceso de reciclado realizado por estas personas y \u00a0su realidad desde un aspecto social, brindando as\u00ed informaci\u00f3n necesaria para la elaboraci\u00f3n del <strong>\u00abMANUAL DE RECICLAJE\u00bb<\/strong><\/p>\n<p style=\"text-align: center\"><img loading=\"lazy\" class=\"alignnone size-medium wp-image-220\" alt=\"Captura de pantalla 2017-03-16 a las 16.34.45\" src=\"http:\/\/fernandocustode.blog.epn.edu.ec\/wp-content\/uploads\/sites\/209\/2017\/03\/Captura-de-pantalla-2017-03-16-a-las-16.34.45-217x300.png\" width=\"217\" height=\"300\" srcset=\"http:\/\/fernandocustode.blog.epn.edu.ec\/wp-content\/uploads\/sites\/209\/2017\/03\/Captura-de-pantalla-2017-03-16-a-las-16.34.45-217x300.png 217w, http:\/\/fernandocustode.blog.epn.edu.ec\/wp-content\/uploads\/sites\/209\/2017\/03\/Captura-de-pantalla-2017-03-16-a-las-16.34.45.png 599w\" sizes=\"(max-width: 217px) 100vw, 217px\" \/><\/p>\n<p style=\"text-align: center\"><a href=\"http:\/\/fernandocustode.blog.epn.edu.ec\/wp-content\/uploads\/sites\/209\/2017\/03\/Informe_Li\u0301nea_Base.pdf\">INFOREM LINEA BASE<\/a><\/p>\n","protected":false},"excerpt":{"rendered":"<p>Al ser este un proyecto de vinculaci\u00f3n social es de suma importancia generar v\u00ednculos con los recicladores base, siendo estos los miembros de la asociaci\u00f3n [&hellip;]<\/p>\n","protected":false},"author":210,"featured_media":0,"parent":178,"menu_order":0,"comment_status":"open","ping_status":"closed","template":"","meta":[],"_links":{"self":[{"href":"http:\/\/fernandocustode.blog.epn.edu.ec\/index.php?rest_route=\/wp\/v2\/pages\/182"}],"collection":[{"href":"http:\/\/fernandocustode.blog.epn.edu.ec\/index.php?rest_route=\/wp\/v2\/pages"}],"about":[{"href":"http:\/\/fernandocustode.blog.epn.edu.ec\/index.php?rest_route=\/wp\/v2\/types\/page"}],"author":[{"embeddable":true,"href":"http:\/\/fernandocustode.blog.epn.edu.ec\/index.php?rest_route=\/wp\/v2\/users\/210"}],"replies":[{"embeddable":true,"href":"http:\/\/fernandocustode.blog.epn.edu.ec\/index.php?rest_route=%2Fwp%2Fv2%2Fcomments&post=182"}],"version-history":[{"count":12,"href":"http:\/\/fernandocustode.blog.epn.edu.ec\/index.php?rest_route=\/wp\/v2\/pages\/182\/revisions"}],"predecessor-version":[{"id":221,"href":"http:\/\/fernandocustode.blog.epn.edu.ec\/index.php?rest_route=\/wp\/v2\/pages\/182\/revisions\/221"}],"up":[{"embeddable":true,"href":"http:\/\/fernandocustode.blog.epn.edu.ec\/index.php?rest_route=\/wp\/v2\/pages\/178"}],"wp:attachment":[{"href":"http:\/\/fernandocustode.blog.epn.edu.ec\/index.php?rest_route=%2Fwp%2Fv2%2Fmedia&parent=182"}],"curies":[{"name":"wp","href":"https:\/\/api.w.org\/{rel}","templated":true}]}}